{"id":4466,"date":"2025-11-23T14:11:09","date_gmt":"2025-11-23T13:11:09","guid":{"rendered":"https:\/\/sucresalecreation.fr\/?post_type=product&#038;p=4466"},"modified":"2025-11-23T14:29:45","modified_gmt":"2025-11-23T13:29:45","slug":"lensemble","status":"publish","type":"product","link":"https:\/\/sucresalecreation.fr\/index.php\/product\/lensemble\/","title":{"rendered":"L&rsquo;ensemble"},"content":{"rendered":"<p>Un ensemble mixte pens\u00e9 pour t\u2019accompagner aussi bien dans tes journ\u00e9es actives que lors de tes sorties. L\u00e9ger, confortable et styl\u00e9, il se d\u00e9cline dans des couleurs vives qui apportent une touche pop et solaire \u00e0 ton dressing. Parfait pour composer un look d\u00e9contract\u00e9 mais affirm\u00e9, que ce soit pour fl\u00e2ner en bord de mer, se balader en ville ou profiter d\u2019un moment d\u00e9tente en ext\u00e9rieur.<\/p>\n","protected":false},"excerpt":{"rendered":"<p>Un ensemble mixte pens\u00e9 pour t\u2019accompagner aussi bien dans tes journ\u00e9es actives que lors de tes sorties. L\u00e9ger, confortable et styl\u00e9, il se d\u00e9cline dans des couleurs vives qui apportent une touche pop et solaire \u00e0 ton dressing. Parfait pour composer un look d\u00e9contract\u00e9 mais affirm\u00e9, que ce soit pour fl\u00e2ner en bord de mer, se balader en ville ou profiter d\u2019un moment d\u00e9tente en ext\u00e9rieur.<\/p>\n","protected":false},"featured_media":4408,"template":"","meta":{"site-sidebar-layout":"default","site-content-layout":"","ast-site-content-layout":"default","site-content-style":"default","site-sidebar-style":"default","ast-global-header-display":"","ast-banner-title-visibility":"","ast-main-header-display":"","ast-hfb-above-header-display":"","ast-hfb-below-header-display":"","ast-hfb-mobile-header-display":"","site-post-title":"","ast-breadcrumbs-content":"","ast-featured-img":"","footer-sml-layout":"","theme-transparent-header-meta":"default","adv-header-id-meta":"","stick-header-meta":"","header-above-stick-meta":"","header-main-stick-meta":"","header-below-stick-meta":"","astra-migrate-meta-layouts":"set","ast-page-background-enabled":"default","ast-page-background-meta":{"desktop":{"background-color":"var(--ast-global-color-4)","background-image":"","background-repeat":"repeat","background-position":"center center","background-size":"auto","background-attachment":"scroll","background-type":"","background-media":"","overlay-type":"","overlay-color":"","overlay-gradient":""},"tablet":{"background-color":"","background-image":"","background-repeat":"repeat","background-position":"center center","background-size":"auto","background-attachment":"scroll","background-type":"","background-media":"","overlay-type":"","overlay-color":"","overlay-gradient":""},"mobile":{"background-color":"","background-image":"","background-repeat":"repeat","background-position":"center center","background-size":"auto","background-attachment":"scroll","background-type":"","background-media":"","overlay-type":"","overlay-color":"","overlay-gradient":""}},"ast-content-background-meta":{"desktop":{"background-color":"var(--ast-global-color-5)","background-image":"","background-repeat":"repeat","background-position":"center center","background-size":"auto","background-attachment":"scroll","background-type":"","background-media":"","overlay-type":"","overlay-color":"","overlay-gradient":""},"tablet":{"background-color":"var(--ast-global-color-5)","background-image":"","background-repeat":"repeat","background-position":"center center","background-size":"auto","background-attachment":"scroll","background-type":"","background-media":"","overlay-type":"","overlay-color":"","overlay-gradient":""},"mobile":{"background-color":"var(--ast-global-color-5)","background-image":"","background-repeat":"repeat","background-position":"center center","background-size":"auto","background-attachment":"scroll","background-type":"","background-media":"","overlay-type":"","overlay-color":"","overlay-gradient":""}}},"product_brand":[],"product_cat":[57],"product_tag":[],"class_list":{"0":"post-4466","1":"product","2":"type-product","3":"status-publish","4":"has-post-thumbnail","6":"product_cat-autre","7":"desktop-align-left","8":"tablet-align-left","9":"mobile-align-left","11":"first","12":"instock","13":"taxable","14":"shipping-taxable","15":"purchasable","16":"product-type-variable"},"acf":[],"jetpack_sharing_enabled":true,"_links":{"self":[{"href":"https:\/\/sucresalecreation.fr\/index.php\/wp-json\/wp\/v2\/product\/4466","targetHints":{"allow":["GET"]}}],"collection":[{"href":"https:\/\/sucresalecreation.fr\/index.php\/wp-json\/wp\/v2\/product"}],"about":[{"href":"https:\/\/sucresalecreation.fr\/index.php\/wp-json\/wp\/v2\/types\/product"}],"wp:featuredmedia":[{"embeddable":true,"href":"https:\/\/sucresalecreation.fr\/index.php\/wp-json\/wp\/v2\/media\/4408"}],"wp:attachment":[{"href":"https:\/\/sucresalecreation.fr\/index.php\/wp-json\/wp\/v2\/media?parent=4466"}],"wp:term":[{"taxonomy":"product_brand","embeddable":true,"href":"https:\/\/sucresalecreation.fr\/index.php\/wp-json\/wp\/v2\/product_brand?post=4466"},{"taxonomy":"product_cat","embeddable":true,"href":"https:\/\/sucresalecreation.fr\/index.php\/wp-json\/wp\/v2\/product_cat?post=4466"},{"taxonomy":"product_tag","embeddable":true,"href":"https:\/\/sucresalecreation.fr\/index.php\/wp-json\/wp\/v2\/product_tag?post=4466"}],"curies":[{"name":"wp","href":"https:\/\/api.w.org\/{rel}","templated":true}]}}