{"id":2842,"date":"2024-07-04T18:41:34","date_gmt":"2024-07-04T16:41:34","guid":{"rendered":"https:\/\/sucresalecreation.fr\/?post_type=product&#038;p=2842"},"modified":"2025-12-02T13:50:37","modified_gmt":"2025-12-02T12:50:37","slug":"bas-eiriceira","status":"publish","type":"product","link":"https:\/\/sucresalecreation.fr\/index.php\/product\/bas-eiriceira\/","title":{"rendered":"BAS EIRICEIRA"},"content":{"rendered":"<p><span style=\"font-weight: 400;\">D\u00e9couvrez l&rsquo;Eiriceira, un bas en dentelle aux teintes bleu du Portugal, con\u00e7u pour \u00e9pouser votre silhouette avec \u00e9l\u00e9gance et confort. Inspir\u00e9 par les nuances profondes de l&rsquo;oc\u00e9an et le charme envo\u00fbtant des c\u00f4tes portugaises, ce mod\u00e8le incarne la vitalit\u00e9 et la s\u00e9r\u00e9nit\u00e9 de la mer<\/span><\/p>\n","protected":false},"excerpt":{"rendered":"<p>D\u00e9couvrez l&rsquo;Eiriceira, un bas en dentelle aux teintes bleu du Portugal, con\u00e7u pour \u00e9pouser votre silhouette avec \u00e9l\u00e9gance et confort. Inspir\u00e9 par les nuances profondes de l&rsquo;oc\u00e9an et le charme envo\u00fbtant des c\u00f4tes portugaises, ce mod\u00e8le incarne la vitalit\u00e9 et la s\u00e9r\u00e9nit\u00e9 de la mer<\/p>\n","protected":false},"featured_media":2566,"template":"","meta":{"site-sidebar-layout":"default","site-content-layout":"","ast-site-content-layout":"default","site-content-style":"default","site-sidebar-style":"default","ast-global-header-display":"","ast-banner-title-visibility":"","ast-main-header-display":"","ast-hfb-above-header-display":"","ast-hfb-below-header-display":"","ast-hfb-mobile-header-display":"","site-post-title":"","ast-breadcrumbs-content":"","ast-featured-img":"","footer-sml-layout":"","theme-transparent-header-meta":"default","adv-header-id-meta":"","stick-header-meta":"","header-above-stick-meta":"","header-main-stick-meta":"","header-below-stick-meta":"","astra-migrate-meta-layouts":"set","ast-page-background-enabled":"default","ast-page-background-meta":{"desktop":{"background-color":"var(--ast-global-color-4)","background-image":"","background-repeat":"repeat","background-position":"center center","background-size":"auto","background-attachment":"scroll","background-type":"","background-media":"","overlay-type":"","overlay-color":"","overlay-gradient":""},"tablet":{"background-color":"","background-image":"","background-repeat":"repeat","background-position":"center center","background-size":"auto","background-attachment":"scroll","background-type":"","background-media":"","overlay-type":"","overlay-color":"","overlay-gradient":""},"mobile":{"background-color":"","background-image":"","background-repeat":"repeat","background-position":"center center","background-size":"auto","background-attachment":"scroll","background-type":"","background-media":"","overlay-type":"","overlay-color":"","overlay-gradient":""}},"ast-content-background-meta":{"desktop":{"background-color":"var(--ast-global-color-5)","background-image":"","background-repeat":"repeat","background-position":"center center","background-size":"auto","background-attachment":"scroll","background-type":"","background-media":"","overlay-type":"","overlay-color":"","overlay-gradient":""},"tablet":{"background-color":"var(--ast-global-color-5)","background-image":"","background-repeat":"repeat","background-position":"center center","background-size":"auto","background-attachment":"scroll","background-type":"","background-media":"","overlay-type":"","overlay-color":"","overlay-gradient":""},"mobile":{"background-color":"var(--ast-global-color-5)","background-image":"","background-repeat":"repeat","background-position":"center center","background-size":"auto","background-attachment":"scroll","background-type":"","background-media":"","overlay-type":"","overlay-color":"","overlay-gradient":""}}},"product_brand":[],"product_cat":[60,125,58],"product_tag":[],"class_list":{"0":"post-2842","1":"product","2":"type-product","3":"status-publish","4":"has-post-thumbnail","6":"product_cat-bas","7":"product_cat-basericeira","8":"product_cat-lingerie","9":"desktop-align-left","10":"tablet-align-left","11":"mobile-align-left","13":"first","14":"instock","15":"taxable","16":"shipping-taxable","17":"purchasable","18":"product-type-variable"},"acf":[],"jetpack_sharing_enabled":true,"_links":{"self":[{"href":"https:\/\/sucresalecreation.fr\/index.php\/wp-json\/wp\/v2\/product\/2842","targetHints":{"allow":["GET"]}}],"collection":[{"href":"https:\/\/sucresalecreation.fr\/index.php\/wp-json\/wp\/v2\/product"}],"about":[{"href":"https:\/\/sucresalecreation.fr\/index.php\/wp-json\/wp\/v2\/types\/product"}],"wp:featuredmedia":[{"embeddable":true,"href":"https:\/\/sucresalecreation.fr\/index.php\/wp-json\/wp\/v2\/media\/2566"}],"wp:attachment":[{"href":"https:\/\/sucresalecreation.fr\/index.php\/wp-json\/wp\/v2\/media?parent=2842"}],"wp:term":[{"taxonomy":"product_brand","embeddable":true,"href":"https:\/\/sucresalecreation.fr\/index.php\/wp-json\/wp\/v2\/product_brand?post=2842"},{"taxonomy":"product_cat","embeddable":true,"href":"https:\/\/sucresalecreation.fr\/index.php\/wp-json\/wp\/v2\/product_cat?post=2842"},{"taxonomy":"product_tag","embeddable":true,"href":"https:\/\/sucresalecreation.fr\/index.php\/wp-json\/wp\/v2\/product_tag?post=2842"}],"curies":[{"name":"wp","href":"https:\/\/api.w.org\/{rel}","templated":true}]}}