{"id":2801,"date":"2024-07-04T17:40:20","date_gmt":"2024-07-04T15:40:20","guid":{"rendered":"https:\/\/sucresalecreation.fr\/?post_type=product&#038;p=2801"},"modified":"2026-01-07T13:09:14","modified_gmt":"2026-01-07T12:09:14","slug":"bas-jamaine","status":"publish","type":"product","link":"https:\/\/sucresalecreation.fr\/index.php\/product\/bas-jamaine\/","title":{"rendered":"BAS JAMAINE"},"content":{"rendered":"<p><span style=\"font-weight: 400;\">D\u00e9couvrez le Jamaine, une culotte en dentelle aux teintes bleu ou jaune, con\u00e7u pour embrasser votre silhouette avec douceur et style. Inspir\u00e9 par les vagues et le soleil, ce mod\u00e8le \u00e9voque l&rsquo;\u00e9nergie vivifiante de l&rsquo;oc\u00e9an.<\/span><\/p>\n","protected":false},"excerpt":{"rendered":"<p>D\u00e9couvrez le Jamaine, une culotte en dentelle aux teintes bleu ou jaune, con\u00e7u pour embrasser votre silhouette avec douceur et style. Inspir\u00e9 par les vagues et le soleil, ce mod\u00e8le \u00e9voque l&rsquo;\u00e9nergie vivifiante de l&rsquo;oc\u00e9an.<\/p>\n","protected":false},"featured_media":3985,"template":"","meta":{"site-sidebar-layout":"default","site-content-layout":"","ast-site-content-layout":"default","site-content-style":"default","site-sidebar-style":"default","ast-global-header-display":"","ast-banner-title-visibility":"","ast-main-header-display":"","ast-hfb-above-header-display":"","ast-hfb-below-header-display":"","ast-hfb-mobile-header-display":"","site-post-title":"","ast-breadcrumbs-content":"","ast-featured-img":"","footer-sml-layout":"","theme-transparent-header-meta":"default","adv-header-id-meta":"","stick-header-meta":"","header-above-stick-meta":"","header-main-stick-meta":"","header-below-stick-meta":"","astra-migrate-meta-layouts":"set","ast-page-background-enabled":"default","ast-page-background-meta":{"desktop":{"background-color":"var(--ast-global-color-4)","background-image":"","background-repeat":"repeat","background-position":"center center","background-size":"auto","background-attachment":"scroll","background-type":"","background-media":"","overlay-type":"","overlay-color":"","overlay-gradient":""},"tablet":{"background-color":"","background-image":"","background-repeat":"repeat","background-position":"center center","background-size":"auto","background-attachment":"scroll","background-type":"","background-media":"","overlay-type":"","overlay-color":"","overlay-gradient":""},"mobile":{"background-color":"","background-image":"","background-repeat":"repeat","background-position":"center center","background-size":"auto","background-attachment":"scroll","background-type":"","background-media":"","overlay-type":"","overlay-color":"","overlay-gradient":""}},"ast-content-background-meta":{"desktop":{"background-color":"var(--ast-global-color-5)","background-image":"","background-repeat":"repeat","background-position":"center center","background-size":"auto","background-attachment":"scroll","background-type":"","background-media":"","overlay-type":"","overlay-color":"","overlay-gradient":""},"tablet":{"background-color":"var(--ast-global-color-5)","background-image":"","background-repeat":"repeat","background-position":"center center","background-size":"auto","background-attachment":"scroll","background-type":"","background-media":"","overlay-type":"","overlay-color":"","overlay-gradient":""},"mobile":{"background-color":"var(--ast-global-color-5)","background-image":"","background-repeat":"repeat","background-position":"center center","background-size":"auto","background-attachment":"scroll","background-type":"","background-media":"","overlay-type":"","overlay-color":"","overlay-gradient":""}}},"product_brand":[],"product_cat":[60,81],"product_tag":[],"class_list":{"0":"post-2801","1":"product","2":"type-product","3":"status-publish","4":"has-post-thumbnail","6":"product_cat-bas","7":"product_cat-jamaine-bas","8":"desktop-align-left","9":"tablet-align-left","10":"mobile-align-left","12":"first","13":"instock","14":"taxable","15":"shipping-taxable","16":"purchasable","17":"product-type-variable"},"acf":[],"jetpack_sharing_enabled":true,"_links":{"self":[{"href":"https:\/\/sucresalecreation.fr\/index.php\/wp-json\/wp\/v2\/product\/2801","targetHints":{"allow":["GET"]}}],"collection":[{"href":"https:\/\/sucresalecreation.fr\/index.php\/wp-json\/wp\/v2\/product"}],"about":[{"href":"https:\/\/sucresalecreation.fr\/index.php\/wp-json\/wp\/v2\/types\/product"}],"wp:featuredmedia":[{"embeddable":true,"href":"https:\/\/sucresalecreation.fr\/index.php\/wp-json\/wp\/v2\/media\/3985"}],"wp:attachment":[{"href":"https:\/\/sucresalecreation.fr\/index.php\/wp-json\/wp\/v2\/media?parent=2801"}],"wp:term":[{"taxonomy":"product_brand","embeddable":true,"href":"https:\/\/sucresalecreation.fr\/index.php\/wp-json\/wp\/v2\/product_brand?post=2801"},{"taxonomy":"product_cat","embeddable":true,"href":"https:\/\/sucresalecreation.fr\/index.php\/wp-json\/wp\/v2\/product_cat?post=2801"},{"taxonomy":"product_tag","embeddable":true,"href":"https:\/\/sucresalecreation.fr\/index.php\/wp-json\/wp\/v2\/product_tag?post=2801"}],"curies":[{"name":"wp","href":"https:\/\/api.w.org\/{rel}","templated":true}]}}