{"id":2799,"date":"2024-07-04T17:17:38","date_gmt":"2024-07-04T15:17:38","guid":{"rendered":"https:\/\/sucresalecreation.fr\/?post_type=product&#038;p=2799"},"modified":"2025-12-04T14:13:38","modified_gmt":"2025-12-04T13:13:38","slug":"bas-belharra","status":"publish","type":"product","link":"https:\/\/sucresalecreation.fr\/index.php\/product\/bas-belharra\/","title":{"rendered":"BAS BELHARRA"},"content":{"rendered":"<p><span style=\"font-weight: 400;\">D\u00e9couvrez Belharra, une culotte \u00e9l\u00e9gante aux teintes de noir, or et argent, con\u00e7u pour sublimer votre silhouette avec raffinement et allure. Inspir\u00e9 par la majest\u00e9 de la vague de Belharra, ce mod\u00e8le capture la puissance et la beaut\u00e9 intemporelle de l&rsquo;oc\u00e9an. Avec ses d\u00e9tails d\u00e9licats et ses finitions luxueuses, Belharra \u00e9voque l&rsquo;\u00e9nergie et la sophistication des vagues sous un ciel \u00e9toil\u00e9<\/span><\/p>\n","protected":false},"excerpt":{"rendered":"<p>D\u00e9couvrez Belharra, une culotte \u00e9l\u00e9gante aux teintes de noir, or et argent, con\u00e7u pour sublimer votre silhouette avec raffinement et allure. Inspir\u00e9 par la majest\u00e9 de la vague de Belharra, ce mod\u00e8le capture la puissance et la beaut\u00e9 intemporelle de l&rsquo;oc\u00e9an. Avec ses d\u00e9tails d\u00e9licats et ses finitions luxueuses, Belharra \u00e9voque l&rsquo;\u00e9nergie et la sophistication des vagues sous un ciel \u00e9toil\u00e9<\/p>\n","protected":false},"featured_media":2562,"template":"","meta":{"site-sidebar-layout":"default","site-content-layout":"","ast-site-content-layout":"default","site-content-style":"default","site-sidebar-style":"default","ast-global-header-display":"","ast-banner-title-visibility":"","ast-main-header-display":"","ast-hfb-above-header-display":"","ast-hfb-below-header-display":"","ast-hfb-mobile-header-display":"","site-post-title":"","ast-breadcrumbs-content":"","ast-featured-img":"","footer-sml-layout":"","theme-transparent-header-meta":"default","adv-header-id-meta":"","stick-header-meta":"","header-above-stick-meta":"","header-main-stick-meta":"","header-below-stick-meta":"","astra-migrate-meta-layouts":"set","ast-page-background-enabled":"default","ast-page-background-meta":{"desktop":{"background-color":"var(--ast-global-color-4)","background-image":"","background-repeat":"repeat","background-position":"center center","background-size":"auto","background-attachment":"scroll","background-type":"","background-media":"","overlay-type":"","overlay-color":"","overlay-gradient":""},"tablet":{"background-color":"","background-image":"","background-repeat":"repeat","background-position":"center center","background-size":"auto","background-attachment":"scroll","background-type":"","background-media":"","overlay-type":"","overlay-color":"","overlay-gradient":""},"mobile":{"background-color":"","background-image":"","background-repeat":"repeat","background-position":"center center","background-size":"auto","background-attachment":"scroll","background-type":"","background-media":"","overlay-type":"","overlay-color":"","overlay-gradient":""}},"ast-content-background-meta":{"desktop":{"background-color":"var(--ast-global-color-5)","background-image":"","background-repeat":"repeat","background-position":"center center","background-size":"auto","background-attachment":"scroll","background-type":"","background-media":"","overlay-type":"","overlay-color":"","overlay-gradient":""},"tablet":{"background-color":"var(--ast-global-color-5)","background-image":"","background-repeat":"repeat","background-position":"center center","background-size":"auto","background-attachment":"scroll","background-type":"","background-media":"","overlay-type":"","overlay-color":"","overlay-gradient":""},"mobile":{"background-color":"var(--ast-global-color-5)","background-image":"","background-repeat":"repeat","background-position":"center center","background-size":"auto","background-attachment":"scroll","background-type":"","background-media":"","overlay-type":"","overlay-color":"","overlay-gradient":""}}},"product_brand":[],"product_cat":[60,82,58],"product_tag":[],"class_list":{"0":"post-2799","1":"product","2":"type-product","3":"status-publish","4":"has-post-thumbnail","6":"product_cat-bas","7":"product_cat-belharra-bas","8":"product_cat-lingerie","9":"desktop-align-left","10":"tablet-align-left","11":"mobile-align-left","13":"first","14":"instock","15":"taxable","16":"shipping-taxable","17":"purchasable","18":"product-type-variable"},"acf":[],"jetpack_sharing_enabled":true,"_links":{"self":[{"href":"https:\/\/sucresalecreation.fr\/index.php\/wp-json\/wp\/v2\/product\/2799","targetHints":{"allow":["GET"]}}],"collection":[{"href":"https:\/\/sucresalecreation.fr\/index.php\/wp-json\/wp\/v2\/product"}],"about":[{"href":"https:\/\/sucresalecreation.fr\/index.php\/wp-json\/wp\/v2\/types\/product"}],"wp:featuredmedia":[{"embeddable":true,"href":"https:\/\/sucresalecreation.fr\/index.php\/wp-json\/wp\/v2\/media\/2562"}],"wp:attachment":[{"href":"https:\/\/sucresalecreation.fr\/index.php\/wp-json\/wp\/v2\/media?parent=2799"}],"wp:term":[{"taxonomy":"product_brand","embeddable":true,"href":"https:\/\/sucresalecreation.fr\/index.php\/wp-json\/wp\/v2\/product_brand?post=2799"},{"taxonomy":"product_cat","embeddable":true,"href":"https:\/\/sucresalecreation.fr\/index.php\/wp-json\/wp\/v2\/product_cat?post=2799"},{"taxonomy":"product_tag","embeddable":true,"href":"https:\/\/sucresalecreation.fr\/index.php\/wp-json\/wp\/v2\/product_tag?post=2799"}],"curies":[{"name":"wp","href":"https:\/\/api.w.org\/{rel}","templated":true}]}}