{"id":1445,"date":"2024-03-14T15:54:25","date_gmt":"2024-03-14T14:54:25","guid":{"rendered":"https:\/\/sucresalecreation.fr\/?post_type=product&#038;p=1445"},"modified":"2025-11-12T17:10:01","modified_gmt":"2025-11-12T16:10:01","slug":"soutien-gorge-tapuna","status":"publish","type":"product","link":"https:\/\/sucresalecreation.fr\/index.php\/product\/soutien-gorge-tapuna\/","title":{"rendered":"HAUT EIRICEIRA"},"content":{"rendered":"<p><span style=\"font-weight: 400;\">D\u00e9couvrez l&rsquo;Eiriceira, un soutien-gorge en dentelle aux teintes bleu du Portugal, con\u00e7u pour \u00e9pouser votre silhouette avec \u00e9l\u00e9gance et confort. Inspir\u00e9 par les nuances profondes de l&rsquo;oc\u00e9an et le charme envo\u00fbtant des c\u00f4tes portugaises, ce mod\u00e8le incarne la vitalit\u00e9 et la s\u00e9r\u00e9nit\u00e9 de la mer<\/span><\/p>\n","protected":false},"excerpt":{"rendered":"<p>D\u00e9couvrez l&rsquo;Eiriceira, un soutien-gorge en dentelle aux teintes bleu du Portugal, con\u00e7u pour \u00e9pouser votre silhouette avec \u00e9l\u00e9gance et confort. Inspir\u00e9 par les nuances profondes de l&rsquo;oc\u00e9an et le charme envo\u00fbtant des c\u00f4tes portugaises, ce mod\u00e8le incarne la vitalit\u00e9 et la s\u00e9r\u00e9nit\u00e9 de la mer<\/p>\n","protected":false},"featured_media":4012,"template":"","meta":{"site-sidebar-layout":"default","site-content-layout":"","ast-site-content-layout":"default","site-content-style":"default","site-sidebar-style":"default","ast-global-header-display":"","ast-banner-title-visibility":"","ast-main-header-display":"","ast-hfb-above-header-display":"","ast-hfb-below-header-display":"","ast-hfb-mobile-header-display":"","site-post-title":"","ast-breadcrumbs-content":"","ast-featured-img":"","footer-sml-layout":"","theme-transparent-header-meta":"default","adv-header-id-meta":"","stick-header-meta":"","header-above-stick-meta":"","header-main-stick-meta":"","header-below-stick-meta":"","astra-migrate-meta-layouts":"set","ast-page-background-enabled":"default","ast-page-background-meta":{"desktop":{"background-color":"var(--ast-global-color-4)","background-image":"","background-repeat":"repeat","background-position":"center center","background-size":"auto","background-attachment":"scroll","background-type":"","background-media":"","overlay-type":"","overlay-color":"","overlay-gradient":""},"tablet":{"background-color":"","background-image":"","background-repeat":"repeat","background-position":"center center","background-size":"auto","background-attachment":"scroll","background-type":"","background-media":"","overlay-type":"","overlay-color":"","overlay-gradient":""},"mobile":{"background-color":"","background-image":"","background-repeat":"repeat","background-position":"center center","background-size":"auto","background-attachment":"scroll","background-type":"","background-media":"","overlay-type":"","overlay-color":"","overlay-gradient":""}},"ast-content-background-meta":{"desktop":{"background-color":"var(--ast-global-color-5)","background-image":"","background-repeat":"repeat","background-position":"center center","background-size":"auto","background-attachment":"scroll","background-type":"","background-media":"","overlay-type":"","overlay-color":"","overlay-gradient":""},"tablet":{"background-color":"var(--ast-global-color-5)","background-image":"","background-repeat":"repeat","background-position":"center center","background-size":"auto","background-attachment":"scroll","background-type":"","background-media":"","overlay-type":"","overlay-color":"","overlay-gradient":""},"mobile":{"background-color":"var(--ast-global-color-5)","background-image":"","background-repeat":"repeat","background-position":"center center","background-size":"auto","background-attachment":"scroll","background-type":"","background-media":"","overlay-type":"","overlay-color":"","overlay-gradient":""}}},"product_brand":[],"product_cat":[58,59,124,102],"product_tag":[],"class_list":{"0":"post-1445","1":"product","2":"type-product","3":"status-publish","4":"has-post-thumbnail","6":"product_cat-lingerie","7":"product_cat-hauts","8":"product_cat-hautericeira","9":"product_cat-tapuna","10":"desktop-align-left","11":"tablet-align-left","12":"mobile-align-left","14":"first","15":"instock","16":"taxable","17":"shipping-taxable","18":"purchasable","19":"product-type-variable"},"acf":[],"jetpack_sharing_enabled":true,"_links":{"self":[{"href":"https:\/\/sucresalecreation.fr\/index.php\/wp-json\/wp\/v2\/product\/1445","targetHints":{"allow":["GET"]}}],"collection":[{"href":"https:\/\/sucresalecreation.fr\/index.php\/wp-json\/wp\/v2\/product"}],"about":[{"href":"https:\/\/sucresalecreation.fr\/index.php\/wp-json\/wp\/v2\/types\/product"}],"wp:featuredmedia":[{"embeddable":true,"href":"https:\/\/sucresalecreation.fr\/index.php\/wp-json\/wp\/v2\/media\/4012"}],"wp:attachment":[{"href":"https:\/\/sucresalecreation.fr\/index.php\/wp-json\/wp\/v2\/media?parent=1445"}],"wp:term":[{"taxonomy":"product_brand","embeddable":true,"href":"https:\/\/sucresalecreation.fr\/index.php\/wp-json\/wp\/v2\/product_brand?post=1445"},{"taxonomy":"product_cat","embeddable":true,"href":"https:\/\/sucresalecreation.fr\/index.php\/wp-json\/wp\/v2\/product_cat?post=1445"},{"taxonomy":"product_tag","embeddable":true,"href":"https:\/\/sucresalecreation.fr\/index.php\/wp-json\/wp\/v2\/product_tag?post=1445"}],"curies":[{"name":"wp","href":"https:\/\/api.w.org\/{rel}","templated":true}]}}